{"id":825,"date":"2019-03-13T13:43:19","date_gmt":"2019-03-13T13:43:19","guid":{"rendered":"http:\/\/revival.hemsida.eu\/?page_id=825"},"modified":"2022-04-20T08:59:53","modified_gmt":"2022-04-20T08:59:53","slug":"katja-zavrsnik","status":"publish","type":"page","link":"https:\/\/www.therevival.se\/?page_id=825","title":{"rendered":"Katja Zavr\u0161nik"},"content":{"rendered":"\n<h3>We are proud to present Katja Zavr\u0161nik as a teacher for The Revival #11!<\/h3>\n\n\n\n<div class=\"wp-block-image\"><figure class=\"aligncenter\"><img decoding=\"async\" loading=\"lazy\" width=\"200\" height=\"300\" src=\"http:\/\/revival.hemsida.eu\/wp-content\/uploads\/2019\/03\/Katja7392-webb-200x300.jpg\" alt=\"\" class=\"wp-image-826\"\/><figcaption>Photo: <a href=\"https:\/\/www.primozlukezic.com\/\">Primo\u017e Luke\u017ei\u010d<\/a><\/figcaption><\/figure><\/div>\n\n\n\n<p>She is an elegant dancer. At first, you&#8217;ll be seduced by her style based by subtlety and finesse. But if you look a little closer you&#8217;ll be surprised by her musicality and footwork. Her focus on musicality and connection makes her one of the most sought after followers in the scene.<\/p>\n\n\n\n<p>Her shyness &#8211; as probably her Slovenian origin as well &#8211; gives at first a &#8220;cold&#8221; feeling. But don&#8217;t make any mistake : she loves to laugh, to party and simply have&nbsp;fun. During a dance, she is one of the few followers to never refuse a dance and also often the last to leave the dance floor.<\/p>\n\n\n\n<p>Currently living in Ljubljana, Slovenia,&nbsp;Katja&nbsp;travels doing special weekend workshops and festivals. In the past 10 <g class=\"gr_ gr_5 gr-alert gr_gramm gr_inline_cards gr_run_anim Punctuation only-ins replaceWithoutSep\" id=\"5\" data-gr-id=\"5\"><g class=\"gr_ gr_5 gr-alert gr_gramm gr_inline_cards gr_run_anim Punctuation only-ins replaceWithoutSep\" id=\"5\" data-gr-id=\"5\">years<\/g><\/g> she has taught and performed all over&nbsp;Europe, Asia and <g class=\"gr_ gr_4 gr-alert gr_gramm gr_inline_cards gr_run_anim Grammar only-ins replaceWithoutSep\" id=\"4\" data-gr-id=\"4\"><g class=\"gr_ gr_4 gr-alert gr_gramm gr_inline_cards gr_run_anim Grammar only-ins replaceWithoutSep\" id=\"4\" data-gr-id=\"4\">USA<\/g><\/g>.<\/p>\n\n\n\n<p>Her dance partner is  <a href=\"https:\/\/www.therevival.se\/?page_id=845\">Peter Loggins<\/a>.<\/p>\n","protected":false},"excerpt":{"rendered":"<p>We are proud to present Katja Zavr\u0161nik as a teacher for The Revival #11! She is an elegant dancer. At first, you&#8217;ll be seduced by her style based by subtlety and finesse. But if you look a little closer you&#8217;ll be surprised by her musicality and footwork. Her focus on musicality and connection makes her &hellip; <\/p>\n<p class=\"link-more\"><a href=\"https:\/\/www.therevival.se\/?page_id=825\" class=\"more-link\">Continue reading<span class=\"screen-reader-text\"> &#8220;Katja Zavr\u0161nik&#8221;<\/span><\/a><\/p>\n","protected":false},"author":5,"featured_media":0,"parent":0,"menu_order":0,"comment_status":"closed","ping_status":"closed","template":"","meta":[],"_links":{"self":[{"href":"https:\/\/www.therevival.se\/index.php?rest_route=\/wp\/v2\/pages\/825"}],"collection":[{"href":"https:\/\/www.therevival.se\/index.php?rest_route=\/wp\/v2\/pages"}],"about":[{"href":"https:\/\/www.therevival.se\/index.php?rest_route=\/wp\/v2\/types\/page"}],"author":[{"embeddable":true,"href":"https:\/\/www.therevival.se\/index.php?rest_route=\/wp\/v2\/users\/5"}],"replies":[{"embeddable":true,"href":"https:\/\/www.therevival.se\/index.php?rest_route=%2Fwp%2Fv2%2Fcomments&post=825"}],"version-history":[{"count":25,"href":"https:\/\/www.therevival.se\/index.php?rest_route=\/wp\/v2\/pages\/825\/revisions"}],"predecessor-version":[{"id":1815,"href":"https:\/\/www.therevival.se\/index.php?rest_route=\/wp\/v2\/pages\/825\/revisions\/1815"}],"wp:attachment":[{"href":"https:\/\/www.therevival.se\/index.php?rest_route=%2Fwp%2Fv2%2Fmedia&parent=825"}],"curies":[{"name":"wp","href":"https:\/\/api.w.org\/{rel}","templated":true}]}}