{"id":202,"date":"2017-06-04T11:16:03","date_gmt":"2017-06-04T11:16:03","guid":{"rendered":"http:\/\/revival.hemsida.eu\/?page_id=202"},"modified":"2023-02-20T16:51:19","modified_gmt":"2023-02-20T16:51:19","slug":"location","status":"publish","type":"page","link":"https:\/\/www.therevival.se\/?page_id=202","title":{"rendered":"HOW TO GET HERE"},"content":{"rendered":"\n<p><em><strong>It&#8217;s easy to get here!<\/strong><br><\/em>The Revival #11 is held at <a href=\"https:\/\/www.hollviksnas.nu\/kontakta\/hitta-hit.aspx\">H\u00f6llviksn\u00e4s<\/a> in H\u00f6llviken (26 km south of Malm\u00f6).<em><br><\/em>Ljungv\u00e4gen 1, H\u00f6llviken, Sweden is the address.<\/p>\n\n\n\n<figure class=\"wp-block-image size-large\"><img decoding=\"async\" loading=\"lazy\" width=\"1024\" height=\"806\" src=\"https:\/\/www.therevival.se\/wp-content\/uploads\/2022\/03\/Hollviksnas_CPH_Kastrup_Malmo-1024x806.png\" alt=\"\" class=\"wp-image-1588\" srcset=\"https:\/\/www.therevival.se\/wp-content\/uploads\/2022\/03\/Hollviksnas_CPH_Kastrup_Malmo-1024x806.png 1024w, https:\/\/www.therevival.se\/wp-content\/uploads\/2022\/03\/Hollviksnas_CPH_Kastrup_Malmo-300x236.png 300w, https:\/\/www.therevival.se\/wp-content\/uploads\/2022\/03\/Hollviksnas_CPH_Kastrup_Malmo-768x604.png 768w, https:\/\/www.therevival.se\/wp-content\/uploads\/2022\/03\/Hollviksnas_CPH_Kastrup_Malmo.png 1141w\" sizes=\"(max-width: 767px) 89vw, (max-width: 1000px) 54vw, (max-width: 1071px) 543px, 580px\" \/><figcaption class=\"wp-element-caption\">H\u00f6llviksn\u00e4s, Malm\u00f6 and CPH Airport marked with red pins on the map, from the bottom to the top.<\/figcaption><\/figure>\n\n\n\n<h2><em><strong>By C<\/strong><\/em><span><strong>ar<\/strong><\/span><\/h2>\n\n\n\n<p><em>Ljungv\u00e4gen 1, H\u00f6llviken,<\/em> to find it by the help of GPS. <br>If you drive over the Falsterbo channel,  you have driven too far.<br><br><em><strong>Car (travel time)<\/strong><\/em><br><em>From Copenhagen Airport: about 35 minutes.<br>From Malm\u00f6 Central Station: about 30 minutes.<br>From Malm\u00f6 Hyllie: about 20 minutes.<\/em><br><em>From Malm\u00f6 Airport: about 35 minutes.<\/em><br><br>*Free parking is available at H\u00f6llviksn\u00e4s.<\/p>\n\n\n\n<h2><strong>By Public transport<\/strong><\/h2>\n\n\n\n<p><strong>Public transport (travel time)<\/strong><br>From <strong>Copenhagen <\/strong>Airport: about 50 minutes.<br>From <strong>Malm\u00f6 Central Station<\/strong>: about 35 minutes.<br>From <strong>Malm\u00f6 Hyllie<\/strong>: about 25 minutes.<br>From <strong>Malm\u00f6 Airport<\/strong>**: about 80 minutes<\/p>\n\n\n\n<p><strong>How to buy tickets<\/strong> <strong>for public transport <\/strong><br><a href=\"https:\/\/www.skanetrafiken.se\/biljetter\/\">Sk\u00e5netrafiken<\/a> has several different ways to buy a ticket for public transport and has ticket machines available at CPH Airport Kastrup and CPH Central station. Searching for different trips and then buying tickets is easiest done through <a href=\"https:\/\/www.skanetrafiken.se\/om-oss\/ladda-ner-appen\/\">Sk\u00e5netrafiken&#8217;s App<\/a>.<br>*<a href=\"https:\/\/www.skanetrafiken.se\/biljetter\/\">Sk\u00e5netrafiken<\/a>&#8216;s website has a translation button at the top right edge which is says: &#8220;\u00d6vers\u00e4tt&#8221;, click on it to get a list of available languages to translate to.<br>**From Malm\u00f6 Airport you have to buy a ticket from: <a href=\"https:\/\/www.flygbussarna.se\/malmo\">Flygbussarna<\/a>.<\/p>\n\n\n\n<p><strong>How to travel with public transport<\/strong><br>From <strong style=\"font-size: inherit;\">Copenhagen Airport<\/strong><span style=\"font-size: inherit;\"> you take the train to station <em>Hyllie <\/em>and then transfer to bus <em>300 <\/em>which stops right outside the camp <em>at the bus stop H\u00f6llvikstrand.<\/em><\/span><br><br>From <strong>Malm\u00f6 Central Station<\/strong> you can take bus <em>Sk\u00e5neExpressen 15<\/em> which stops right outside the camp at the bus stop<em> H\u00f6llvikstrand.<\/em><br><br>From <strong>Malm\u00f6 Hyllie <\/strong>you take bus <em>300 <\/em><span style=\"font-size: inherit;\">which stops right outside the camp at the bus stop <em>H\u00f6llvikstrand<\/em>.<\/span><br><br>From <strong>Malm\u00f6 Airport<\/strong> you first take a <a href=\"https:\/\/www.flygbussarna.se\/malmo\" data-type=\"URL\" data-id=\"https:\/\/www.flygbussarna.se\/malmo\">special shuttle bus to Malm\u00f6 Central Station<\/a>. From  Malm\u00f6 Central Station you can then take bus <em>Sk\u00e5neExpressen 15<\/em> which stops right outside the camp<em> <\/em>at the bus stop<em> H\u00f6llvikstrand.<\/em><\/p>\n","protected":false},"excerpt":{"rendered":"<p>It&#8217;s easy to get here!The Revival #11 is held at H\u00f6llviksn\u00e4s in H\u00f6llviken (26 km south of Malm\u00f6).Ljungv\u00e4gen 1, H\u00f6llviken, Sweden is the address. By Car Ljungv\u00e4gen 1, H\u00f6llviken, to find it by the help of GPS. If you drive over the Falsterbo channel, you have driven too far. Car (travel time)From Copenhagen Airport: about &hellip; <\/p>\n<p class=\"link-more\"><a href=\"https:\/\/www.therevival.se\/?page_id=202\" class=\"more-link\">Continue reading<span class=\"screen-reader-text\"> &#8220;HOW TO GET HERE&#8221;<\/span><\/a><\/p>\n","protected":false},"author":5,"featured_media":0,"parent":0,"menu_order":0,"comment_status":"closed","ping_status":"closed","template":"","meta":[],"_links":{"self":[{"href":"https:\/\/www.therevival.se\/index.php?rest_route=\/wp\/v2\/pages\/202"}],"collection":[{"href":"https:\/\/www.therevival.se\/index.php?rest_route=\/wp\/v2\/pages"}],"about":[{"href":"https:\/\/www.therevival.se\/index.php?rest_route=\/wp\/v2\/types\/page"}],"author":[{"embeddable":true,"href":"https:\/\/www.therevival.se\/index.php?rest_route=\/wp\/v2\/users\/5"}],"replies":[{"embeddable":true,"href":"https:\/\/www.therevival.se\/index.php?rest_route=%2Fwp%2Fv2%2Fcomments&post=202"}],"version-history":[{"count":45,"href":"https:\/\/www.therevival.se\/index.php?rest_route=\/wp\/v2\/pages\/202\/revisions"}],"predecessor-version":[{"id":2166,"href":"https:\/\/www.therevival.se\/index.php?rest_route=\/wp\/v2\/pages\/202\/revisions\/2166"}],"wp:attachment":[{"href":"https:\/\/www.therevival.se\/index.php?rest_route=%2Fwp%2Fv2%2Fmedia&parent=202"}],"curies":[{"name":"wp","href":"https:\/\/api.w.org\/{rel}","templated":true}]}}